{"id":235,"date":"2024-09-18T09:40:43","date_gmt":"2024-09-18T09:40:43","guid":{"rendered":"https:\/\/cheap-tricks.de\/?page_id=235"},"modified":"2024-10-07T06:39:20","modified_gmt":"2024-10-07T06:39:20","slug":"stanley-stella","status":"publish","type":"page","link":"https:\/\/cheap-tricks.de\/?page_id=235","title":{"rendered":"Stanley Stella"},"content":{"rendered":"<p>[et_pb_section fb_built=&#8220;1&#8243; _builder_version=&#8220;4.4.4&#8243;][et_pb_row _builder_version=&#8220;4.4.4&#8243;][et_pb_column type=&#8220;4_4&#8243; _builder_version=&#8220;4.4.4&#8243;][et_pb_text _builder_version=&#8220;4.4.4&#8243; text_font_size=&#8220;40px&#8220; text_text_color=&#8220;#000000&#8243; hover_enabled=&#8220;0&#8243; custom_padding=&#8220;13px||22px|||&#8220;]<\/p>\n<p style=\"text-align: center;\">Stanley\/Stella bei Cheap Tricks<\/p>\n<p>[\/et_pb_text][et_pb_text _builder_version=&#8220;4.4.4&#8243; text_text_color=&#8220;#000000&#8243; text_font_size=&#8220;20px&#8220; text_line_height=&#8220;1.6em&#8220;]<\/p>\n<p>Wir arbeiten gerne mit Stanley\/Stella zusammen, weil ihre nachhaltigen, hochwertigen Textilien perfekt zu unseren Anspr\u00fcchen passen. Durch die enge Zusammenarbeit k\u00f6nnen wir unseren Kunden ethisch produzierte Kleidung bieten, die sich ideal bedrucken l\u00e4sst. Die Transparenz und Qualit\u00e4t von Stanley\/Stella machen sie zu einem verl\u00e4sslichen Partner f\u00fcr unsere Projekte.<\/p>\n<p>&#8211; Oliver Marten &#8211; Gesch\u00e4ftsf\u00fchrer, Cheap Tricks GmbH<\/p>\n<p>[\/et_pb_text][et_pb_button button_text=&#8220;Stanley\/Stella Lookbook downloaden&#8220; _builder_version=&#8220;4.4.4&#8243; custom_button=&#8220;on&#8220; button_text_color=&#8220;#000000&#8243; button_border_width=&#8220;2px&#8220; button_on_hover=&#8220;off&#8220; button_icon=&#8220;%%3%%&#8220; hover_enabled=&#8220;0&#8243; button_border_radius=&#8220;30px&#8220; custom_padding=&#8220;|40px||40px|false|false&#8220; button_url=&#8220;http:\/\/cheap-tricks.de\/wp-content\/uploads\/2024\/10\/StanleyStella_Lookbook-AW24-DE.pdf&#8220;][\/et_pb_button][et_pb_video src=&#8220;https:\/\/www.youtube.com\/watch?v=FxG4JpTrs2E&#8220; _builder_version=&#8220;4.4.4&#8243; hover_enabled=&#8220;0&#8243;][\/et_pb_video][\/et_pb_column][\/et_pb_row][et_pb_row _builder_version=&#8220;4.4.4&#8243; hover_enabled=&#8220;0&#8243;][et_pb_column type=&#8220;4_4&#8243; _builder_version=&#8220;4.4.4&#8243;][et_pb_code _builder_version=&#8220;4.4.4&#8243;]<\/p>\n<div id=\"embeddable-catalogue\" data-lang=\"de\" data-logo=\"false\" data-social=\"false\"><\/div>\n<p><!-- [et_pb_line_break_holder] --><!-- [et_pb_line_break_holder] --><script type=\"text\/javascript\" src=\"https:\/\/api.stanleystella.com\/embeddablecatalogue\/build\/embeddable-catalogue.min.js\"><\/script>[\/et_pb_code][\/et_pb_column][\/et_pb_row][\/et_pb_section]<\/p>\n","protected":false},"excerpt":{"rendered":"<p>[et_pb_section fb_built=&#8220;1&#8243; _builder_version=&#8220;4.4.4&#8243;][et_pb_row _builder_version=&#8220;4.4.4&#8243;][et_pb_column type=&#8220;4_4&#8243; _builder_version=&#8220;4.4.4&#8243;][et_pb_text _builder_version=&#8220;4.4.4&#8243; text_font_size=&#8220;40px&#8220; text_text_color=&#8220;#000000&#8243; hover_enabled=&#8220;0&#8243; custom_padding=&#8220;13px||22px|||&#8220;] Stanley\/Stella bei Cheap Tricks [\/et_pb_text][et_pb_text _builder_version=&#8220;4.4.4&#8243; text_text_color=&#8220;#000000&#8243; text_font_size=&#8220;20px&#8220; text_line_height=&#8220;1.6em&#8220;] Wir arbeiten gerne mit Stanley\/Stella zusammen, weil ihre nachhaltigen, hochwertigen Textilien perfekt zu unseren Anspr\u00fcchen passen. Durch die enge Zusammenarbeit k\u00f6nnen wir unseren Kunden ethisch produzierte Kleidung bieten, die sich ideal bedrucken l\u00e4sst. Die Transparenz [&hellip;]<\/p>\n","protected":false},"author":1,"featured_media":0,"parent":0,"menu_order":0,"comment_status":"closed","ping_status":"closed","template":"","meta":{"_et_pb_use_builder":"on","_et_pb_old_content":"<!-- wp:html -->\n<div id=\"embeddable-catalogue\" data-lang=\"de\" data-logo=\"false\" data-social=\"false\"><\/div>\n<script type=\"text\/javascript\" src=\"https:\/\/api.stanleystella.com\/embeddablecatalogue\/build\/embeddable-catalogue.min.js\"><\/script>\n<!-- \/wp:html -->\n\n<!-- wp:paragraph -->\n<p><\/p>\n<!-- \/wp:paragraph -->","_et_gb_content_width":""},"_links":{"self":[{"href":"https:\/\/cheap-tricks.de\/index.php?rest_route=\/wp\/v2\/pages\/235"}],"collection":[{"href":"https:\/\/cheap-tricks.de\/index.php?rest_route=\/wp\/v2\/pages"}],"about":[{"href":"https:\/\/cheap-tricks.de\/index.php?rest_route=\/wp\/v2\/types\/page"}],"author":[{"embeddable":true,"href":"https:\/\/cheap-tricks.de\/index.php?rest_route=\/wp\/v2\/users\/1"}],"replies":[{"embeddable":true,"href":"https:\/\/cheap-tricks.de\/index.php?rest_route=%2Fwp%2Fv2%2Fcomments&post=235"}],"version-history":[{"count":12,"href":"https:\/\/cheap-tricks.de\/index.php?rest_route=\/wp\/v2\/pages\/235\/revisions"}],"predecessor-version":[{"id":265,"href":"https:\/\/cheap-tricks.de\/index.php?rest_route=\/wp\/v2\/pages\/235\/revisions\/265"}],"wp:attachment":[{"href":"https:\/\/cheap-tricks.de\/index.php?rest_route=%2Fwp%2Fv2%2Fmedia&parent=235"}],"curies":[{"name":"wp","href":"https:\/\/api.w.org\/{rel}","templated":true}]}}